{"id":2533,"date":"2021-01-04T20:26:30","date_gmt":"2021-01-05T00:26:30","guid":{"rendered":"https:\/\/gadprdanielcordovatoral.gob.ec\/azuay2\/?page_id=2533"},"modified":"2023-04-14T12:47:48","modified_gmt":"2023-04-14T16:47:48","slug":"rendicion-de-cuentas-2021","status":"publish","type":"page","link":"https:\/\/gadprdanielcordovatoral.gob.ec\/azuay2\/?page_id=2533","title":{"rendered":"Rendici\u00f3n de Cuentas 2021"},"content":{"rendered":"<p>FASE 1:<strong>Planificaci\u00f3n y facilitaci\u00f3n del proceso desde la asamblea ciudadana<\/strong><\/p>\n<p><a href=\"https:\/\/gadprdanielcordovatoral.gob.ec\/azuay2\/rendicion-de-cuentas-2021\/consulta-ciudadania\/\" rel=\"attachment wp-att-2935\">Consulta Ciudadania<\/a><\/p>\n<p><a href=\"https:\/\/gadprdanielcordovatoral.gob.ec\/azuay2\/rendicion-de-cuentas-2021\/convocatoria-2021\/\" rel=\"attachment wp-att-2940\">Convocatoria 2021<\/a><a href=\"https:\/\/gadprdanielcordovatoral.gob.ec\/azuay2\/rendicion-de-cuentas-2021\/registro-de-convocatoria-2021\/\" rel=\"attachment wp-att-2943\">registro de convocatoria 2021<\/a><\/p>\n<p><a href=\"https:\/\/gadprdanielcordovatoral.gob.ec\/azuay2\/rendicion-de-cuentas-2021\/registro-de-asistencias\/\" rel=\"attachment wp-att-2941\">Registro De Asistencias<\/a><\/p>\n<p><a href=\"https:\/\/gadprdanielcordovatoral.gob.ec\/azuay2\/rendicion-de-cuentas-2021\/acta-confirmsciin-equipo-mixto\/\" rel=\"attachment wp-att-2937\">Acta Confirmsciin Equipo Mixto<\/a> <a href=\"https:\/\/gadprdanielcordovatoral.gob.ec\/azuay2\/rendicion-de-cuentas-2021\/acta-conformacion-equipo-mixto\/\" rel=\"attachment wp-att-2938\">Acta Conformacion Equipo Mixto<\/a><\/p>\n<p><strong>FASE 2: Evaluaci\u00f3n de la gesti\u00f3n y redacci\u00f3n del informe de la instituci\u00f3n<\/strong><\/p>\n<p><a href=\"https:\/\/gadprdanielcordovatoral.gob.ec\/azuay2\/rendicion-de-cuentas-2021\/formulario_unificado_rc_cpccs_2021_0174853001646339614\/\" rel=\"attachment wp-att-2939\">formulario_unificado_rc_cpccs_2021_0174853001646339614<\/a><\/p>\n<p><a href=\"https:\/\/gadprdanielcordovatoral.gob.ec\/azuay2\/rendicion-de-cuentas-2021\/registro-abril-2022\/\" rel=\"attachment wp-att-2942\">Registro rendicion de cuenta\u00a0 2021<\/a><\/p>\n<p><strong>FASE 3: Evaluaci\u00f3n Ciudadana del Informe Institucional<\/strong><\/p>\n<p><a href=\"https:\/\/gadprdanielcordovatoral.gob.ec\/azuay2\/rendicion-de-cuentas-2021\/registro-abril-2022\/\" rel=\"attachment wp-att-2942\">Registro rendicion de cuenta\u00a0 2021<\/a><\/p>\n<p><a href=\"https:\/\/gadprdanielcordovatoral.gob.ec\/azuay2\/rendicion-de-cuentas-2021\/whatsapp-image-2023-03-30-at-3-23-42-pm-2\/\" rel=\"attachment wp-att-2947\"><img fetchpriority=\"high\" decoding=\"async\" class=\"alignnone size-medium wp-image-2947\" src=\"https:\/\/gadprdanielcordovatoral.gob.ec\/azuay2\/wp-content\/uploads\/2023\/03\/WhatsApp-Image-2023-03-30-at-3.23.42-PM-2-550x413.jpeg\" alt=\"\" width=\"550\" height=\"413\" srcset=\"https:\/\/gadprdanielcordovatoral.gob.ec\/azuay2\/wp-content\/uploads\/2023\/03\/WhatsApp-Image-2023-03-30-at-3.23.42-PM-2-550x413.jpeg 550w, https:\/\/gadprdanielcordovatoral.gob.ec\/azuay2\/wp-content\/uploads\/2023\/03\/WhatsApp-Image-2023-03-30-at-3.23.42-PM-2-768x576.jpeg 768w, https:\/\/gadprdanielcordovatoral.gob.ec\/azuay2\/wp-content\/uploads\/2023\/03\/WhatsApp-Image-2023-03-30-at-3.23.42-PM-2.jpeg 1024w\" sizes=\"(max-width: 550px) 100vw, 550px\" \/><\/a><\/p>\n<p><a href=\"https:\/\/gadprdanielcordovatoral.gob.ec\/azuay2\/rendicion-de-cuentas-2021\/whatsapp-image-2023-03-30-at-3-23-42-pm-1\/\" rel=\"attachment wp-att-2944\"><img decoding=\"async\" class=\"alignnone size-medium wp-image-2944\" src=\"https:\/\/gadprdanielcordovatoral.gob.ec\/azuay2\/wp-content\/uploads\/2023\/03\/WhatsApp-Image-2023-03-30-at-3.23.42-PM-1-550x413.jpeg\" alt=\"\" width=\"550\" height=\"413\" srcset=\"https:\/\/gadprdanielcordovatoral.gob.ec\/azuay2\/wp-content\/uploads\/2023\/03\/WhatsApp-Image-2023-03-30-at-3.23.42-PM-1-550x413.jpeg 550w, https:\/\/gadprdanielcordovatoral.gob.ec\/azuay2\/wp-content\/uploads\/2023\/03\/WhatsApp-Image-2023-03-30-at-3.23.42-PM-1-768x576.jpeg 768w, https:\/\/gadprdanielcordovatoral.gob.ec\/azuay2\/wp-content\/uploads\/2023\/03\/WhatsApp-Image-2023-03-30-at-3.23.42-PM-1.jpeg 1024w\" sizes=\"(max-width: 550px) 100vw, 550px\" \/><\/a><\/p>\n<p><a href=\"https:\/\/gadprdanielcordovatoral.gob.ec\/azuay2\/rendicion-de-cuentas-2021\/whatsapp-image-2023-03-30-at-3-23-42-pm\/\" rel=\"attachment wp-att-2945\"><img decoding=\"async\" class=\"alignnone size-medium wp-image-2945\" src=\"https:\/\/gadprdanielcordovatoral.gob.ec\/azuay2\/wp-content\/uploads\/2023\/03\/WhatsApp-Image-2023-03-30-at-3.23.42-PM-550x413.jpeg\" alt=\"\" width=\"550\" height=\"413\" srcset=\"https:\/\/gadprdanielcordovatoral.gob.ec\/azuay2\/wp-content\/uploads\/2023\/03\/WhatsApp-Image-2023-03-30-at-3.23.42-PM-550x413.jpeg 550w, https:\/\/gadprdanielcordovatoral.gob.ec\/azuay2\/wp-content\/uploads\/2023\/03\/WhatsApp-Image-2023-03-30-at-3.23.42-PM-768x576.jpeg 768w, https:\/\/gadprdanielcordovatoral.gob.ec\/azuay2\/wp-content\/uploads\/2023\/03\/WhatsApp-Image-2023-03-30-at-3.23.42-PM.jpeg 1024w\" sizes=\"(max-width: 550px) 100vw, 550px\" \/><\/a><\/p>\n<p>&nbsp;<\/p>\n","protected":false},"excerpt":{"rendered":"<p>FASE 1:Planificaci\u00f3n y facilitaci\u00f3n del proceso desde la asamblea ciudadana Consulta Ciudadania Convocatoria 2021registro de convocatoria 2021 Registro De Asistencias Acta Confirmsciin Equipo Mixto Acta Conformacion Equipo Mixto FASE 2: Evaluaci\u00f3n de la gesti\u00f3n y redacci\u00f3n del informe de la instituci\u00f3n formulario_unificado_rc_cpccs_2021_0174853001646339614 Registro rendicion de cuenta\u00a0 2021 FASE 3: Evaluaci\u00f3n Ciudadana del Informe Institucional Registro [&hellip;]<\/p>\n","protected":false},"author":6,"featured_media":0,"parent":0,"menu_order":0,"comment_status":"closed","ping_status":"closed","template":"","meta":{"footnotes":""},"class_list":["post-2533","page","type-page","status-publish","hentry"],"yoast_head":"<!-- This site is optimized with the Yoast SEO plugin v27.5 - https:\/\/yoast.com\/product\/yoast-seo-wordpress\/ -->\n<title>Rendici\u00f3n de Cuentas 2021 -<\/title>\n<meta name=\"robots\" content=\"index, follow, max-snippet:-1, max-image-preview:large, max-video-preview:-1\" \/>\n<link rel=\"canonical\" href=\"https:\/\/gadprdanielcordovatoral.gob.ec\/azuay2\/?page_id=2533\" \/>\n<meta property=\"og:locale\" content=\"es_ES\" \/>\n<meta property=\"og:type\" content=\"article\" \/>\n<meta property=\"og:title\" content=\"Rendici\u00f3n de Cuentas 2021 -\" \/>\n<meta property=\"og:description\" content=\"FASE 1:Planificaci\u00f3n y facilitaci\u00f3n del proceso desde la asamblea ciudadana Consulta Ciudadania Convocatoria 2021registro de convocatoria 2021 Registro De Asistencias Acta Confirmsciin Equipo Mixto Acta Conformacion Equipo Mixto FASE 2: Evaluaci\u00f3n de la gesti\u00f3n y redacci\u00f3n del informe de la instituci\u00f3n formulario_unificado_rc_cpccs_2021_0174853001646339614 Registro rendicion de cuenta\u00a0 2021 FASE 3: Evaluaci\u00f3n Ciudadana del Informe Institucional Registro [&hellip;]\" \/>\n<meta property=\"og:url\" content=\"https:\/\/gadprdanielcordovatoral.gob.ec\/azuay2\/?page_id=2533\" \/>\n<meta property=\"article:modified_time\" content=\"2023-04-14T16:47:48+00:00\" \/>\n<meta property=\"og:image\" content=\"https:\/\/gadprdanielcordovatoral.gob.ec\/azuay2\/wp-content\/uploads\/2023\/03\/WhatsApp-Image-2023-03-30-at-3.23.42-PM-2-550x413.jpeg\" \/>\n<meta name=\"twitter:card\" content=\"summary_large_image\" \/>\n<script type=\"application\/ld+json\" class=\"yoast-schema-graph\">{\"@context\":\"https:\\\/\\\/schema.org\",\"@graph\":[{\"@type\":\"WebPage\",\"@id\":\"https:\\\/\\\/gadprdanielcordovatoral.gob.ec\\\/azuay2\\\/?page_id=2533\",\"url\":\"https:\\\/\\\/gadprdanielcordovatoral.gob.ec\\\/azuay2\\\/?page_id=2533\",\"name\":\"Rendici\u00f3n de Cuentas 2021 -\",\"isPartOf\":{\"@id\":\"https:\\\/\\\/gadprdanielcordovatoral.gob.ec\\\/azuay2\\\/#website\"},\"primaryImageOfPage\":{\"@id\":\"https:\\\/\\\/gadprdanielcordovatoral.gob.ec\\\/azuay2\\\/?page_id=2533#primaryimage\"},\"image\":{\"@id\":\"https:\\\/\\\/gadprdanielcordovatoral.gob.ec\\\/azuay2\\\/?page_id=2533#primaryimage\"},\"thumbnailUrl\":\"https:\\\/\\\/gadprdanielcordovatoral.gob.ec\\\/azuay2\\\/wp-content\\\/uploads\\\/2023\\\/03\\\/WhatsApp-Image-2023-03-30-at-3.23.42-PM-2-550x413.jpeg\",\"datePublished\":\"2021-01-05T00:26:30+00:00\",\"dateModified\":\"2023-04-14T16:47:48+00:00\",\"breadcrumb\":{\"@id\":\"https:\\\/\\\/gadprdanielcordovatoral.gob.ec\\\/azuay2\\\/?page_id=2533#breadcrumb\"},\"inLanguage\":\"es\",\"potentialAction\":[{\"@type\":\"ReadAction\",\"target\":[\"https:\\\/\\\/gadprdanielcordovatoral.gob.ec\\\/azuay2\\\/?page_id=2533\"]}]},{\"@type\":\"ImageObject\",\"inLanguage\":\"es\",\"@id\":\"https:\\\/\\\/gadprdanielcordovatoral.gob.ec\\\/azuay2\\\/?page_id=2533#primaryimage\",\"url\":\"https:\\\/\\\/gadprdanielcordovatoral.gob.ec\\\/azuay2\\\/wp-content\\\/uploads\\\/2023\\\/03\\\/WhatsApp-Image-2023-03-30-at-3.23.42-PM-2-550x413.jpeg\",\"contentUrl\":\"https:\\\/\\\/gadprdanielcordovatoral.gob.ec\\\/azuay2\\\/wp-content\\\/uploads\\\/2023\\\/03\\\/WhatsApp-Image-2023-03-30-at-3.23.42-PM-2-550x413.jpeg\"},{\"@type\":\"BreadcrumbList\",\"@id\":\"https:\\\/\\\/gadprdanielcordovatoral.gob.ec\\\/azuay2\\\/?page_id=2533#breadcrumb\",\"itemListElement\":[{\"@type\":\"ListItem\",\"position\":1,\"name\":\"Home\",\"item\":\"https:\\\/\\\/gadprdanielcordovatoral.gob.ec\\\/azuay2\\\/\"},{\"@type\":\"ListItem\",\"position\":2,\"name\":\"Rendici\u00f3n de Cuentas 2021\"}]},{\"@type\":\"WebSite\",\"@id\":\"https:\\\/\\\/gadprdanielcordovatoral.gob.ec\\\/azuay2\\\/#website\",\"url\":\"https:\\\/\\\/gadprdanielcordovatoral.gob.ec\\\/azuay2\\\/\",\"name\":\"GAD Parroquial de Daniel C\u00f3rdova Toral\",\"description\":\"Sitio Oficial del GAD Parroquial Daniel C\u00f3rdova Toral Azuay\",\"publisher\":{\"@id\":\"https:\\\/\\\/gadprdanielcordovatoral.gob.ec\\\/azuay2\\\/#organization\"},\"potentialAction\":[{\"@type\":\"SearchAction\",\"target\":{\"@type\":\"EntryPoint\",\"urlTemplate\":\"https:\\\/\\\/gadprdanielcordovatoral.gob.ec\\\/azuay2\\\/?s={search_term_string}\"},\"query-input\":{\"@type\":\"PropertyValueSpecification\",\"valueRequired\":true,\"valueName\":\"search_term_string\"}}],\"inLanguage\":\"es\"},{\"@type\":\"Organization\",\"@id\":\"https:\\\/\\\/gadprdanielcordovatoral.gob.ec\\\/azuay2\\\/#organization\",\"name\":\"GAD Parroquial de Daniel Cordova Toral\",\"url\":\"https:\\\/\\\/gadprdanielcordovatoral.gob.ec\\\/azuay2\\\/\",\"logo\":{\"@type\":\"ImageObject\",\"inLanguage\":\"es\",\"@id\":\"https:\\\/\\\/gadprdanielcordovatoral.gob.ec\\\/azuay2\\\/#\\\/schema\\\/logo\\\/image\\\/\",\"url\":\"https:\\\/\\\/gadprdanielcordovatoral.gob.ec\\\/azuay2\\\/wp-content\\\/uploads\\\/2020\\\/07\\\/logoFooter.png\",\"contentUrl\":\"https:\\\/\\\/gadprdanielcordovatoral.gob.ec\\\/azuay2\\\/wp-content\\\/uploads\\\/2020\\\/07\\\/logoFooter.png\",\"width\":200,\"height\":150,\"caption\":\"GAD Parroquial de Daniel Cordova Toral\"},\"image\":{\"@id\":\"https:\\\/\\\/gadprdanielcordovatoral.gob.ec\\\/azuay2\\\/#\\\/schema\\\/logo\\\/image\\\/\"}}]}<\/script>\n<!-- \/ Yoast SEO plugin. -->","yoast_head_json":{"title":"Rendici\u00f3n de Cuentas 2021 -","robots":{"index":"index","follow":"follow","max-snippet":"max-snippet:-1","max-image-preview":"max-image-preview:large","max-video-preview":"max-video-preview:-1"},"canonical":"https:\/\/gadprdanielcordovatoral.gob.ec\/azuay2\/?page_id=2533","og_locale":"es_ES","og_type":"article","og_title":"Rendici\u00f3n de Cuentas 2021 -","og_description":"FASE 1:Planificaci\u00f3n y facilitaci\u00f3n del proceso desde la asamblea ciudadana Consulta Ciudadania Convocatoria 2021registro de convocatoria 2021 Registro De Asistencias Acta Confirmsciin Equipo Mixto Acta Conformacion Equipo Mixto FASE 2: Evaluaci\u00f3n de la gesti\u00f3n y redacci\u00f3n del informe de la instituci\u00f3n formulario_unificado_rc_cpccs_2021_0174853001646339614 Registro rendicion de cuenta\u00a0 2021 FASE 3: Evaluaci\u00f3n Ciudadana del Informe Institucional Registro [&hellip;]","og_url":"https:\/\/gadprdanielcordovatoral.gob.ec\/azuay2\/?page_id=2533","article_modified_time":"2023-04-14T16:47:48+00:00","og_image":[{"url":"https:\/\/gadprdanielcordovatoral.gob.ec\/azuay2\/wp-content\/uploads\/2023\/03\/WhatsApp-Image-2023-03-30-at-3.23.42-PM-2-550x413.jpeg","type":"","width":"","height":""}],"twitter_card":"summary_large_image","schema":{"@context":"https:\/\/schema.org","@graph":[{"@type":"WebPage","@id":"https:\/\/gadprdanielcordovatoral.gob.ec\/azuay2\/?page_id=2533","url":"https:\/\/gadprdanielcordovatoral.gob.ec\/azuay2\/?page_id=2533","name":"Rendici\u00f3n de Cuentas 2021 -","isPartOf":{"@id":"https:\/\/gadprdanielcordovatoral.gob.ec\/azuay2\/#website"},"primaryImageOfPage":{"@id":"https:\/\/gadprdanielcordovatoral.gob.ec\/azuay2\/?page_id=2533#primaryimage"},"image":{"@id":"https:\/\/gadprdanielcordovatoral.gob.ec\/azuay2\/?page_id=2533#primaryimage"},"thumbnailUrl":"https:\/\/gadprdanielcordovatoral.gob.ec\/azuay2\/wp-content\/uploads\/2023\/03\/WhatsApp-Image-2023-03-30-at-3.23.42-PM-2-550x413.jpeg","datePublished":"2021-01-05T00:26:30+00:00","dateModified":"2023-04-14T16:47:48+00:00","breadcrumb":{"@id":"https:\/\/gadprdanielcordovatoral.gob.ec\/azuay2\/?page_id=2533#breadcrumb"},"inLanguage":"es","potentialAction":[{"@type":"ReadAction","target":["https:\/\/gadprdanielcordovatoral.gob.ec\/azuay2\/?page_id=2533"]}]},{"@type":"ImageObject","inLanguage":"es","@id":"https:\/\/gadprdanielcordovatoral.gob.ec\/azuay2\/?page_id=2533#primaryimage","url":"https:\/\/gadprdanielcordovatoral.gob.ec\/azuay2\/wp-content\/uploads\/2023\/03\/WhatsApp-Image-2023-03-30-at-3.23.42-PM-2-550x413.jpeg","contentUrl":"https:\/\/gadprdanielcordovatoral.gob.ec\/azuay2\/wp-content\/uploads\/2023\/03\/WhatsApp-Image-2023-03-30-at-3.23.42-PM-2-550x413.jpeg"},{"@type":"BreadcrumbList","@id":"https:\/\/gadprdanielcordovatoral.gob.ec\/azuay2\/?page_id=2533#breadcrumb","itemListElement":[{"@type":"ListItem","position":1,"name":"Home","item":"https:\/\/gadprdanielcordovatoral.gob.ec\/azuay2\/"},{"@type":"ListItem","position":2,"name":"Rendici\u00f3n de Cuentas 2021"}]},{"@type":"WebSite","@id":"https:\/\/gadprdanielcordovatoral.gob.ec\/azuay2\/#website","url":"https:\/\/gadprdanielcordovatoral.gob.ec\/azuay2\/","name":"GAD Parroquial de Daniel C\u00f3rdova Toral","description":"Sitio Oficial del GAD Parroquial Daniel C\u00f3rdova Toral Azuay","publisher":{"@id":"https:\/\/gadprdanielcordovatoral.gob.ec\/azuay2\/#organization"},"potentialAction":[{"@type":"SearchAction","target":{"@type":"EntryPoint","urlTemplate":"https:\/\/gadprdanielcordovatoral.gob.ec\/azuay2\/?s={search_term_string}"},"query-input":{"@type":"PropertyValueSpecification","valueRequired":true,"valueName":"search_term_string"}}],"inLanguage":"es"},{"@type":"Organization","@id":"https:\/\/gadprdanielcordovatoral.gob.ec\/azuay2\/#organization","name":"GAD Parroquial de Daniel Cordova Toral","url":"https:\/\/gadprdanielcordovatoral.gob.ec\/azuay2\/","logo":{"@type":"ImageObject","inLanguage":"es","@id":"https:\/\/gadprdanielcordovatoral.gob.ec\/azuay2\/#\/schema\/logo\/image\/","url":"https:\/\/gadprdanielcordovatoral.gob.ec\/azuay2\/wp-content\/uploads\/2020\/07\/logoFooter.png","contentUrl":"https:\/\/gadprdanielcordovatoral.gob.ec\/azuay2\/wp-content\/uploads\/2020\/07\/logoFooter.png","width":200,"height":150,"caption":"GAD Parroquial de Daniel Cordova Toral"},"image":{"@id":"https:\/\/gadprdanielcordovatoral.gob.ec\/azuay2\/#\/schema\/logo\/image\/"}}]}},"_links":{"self":[{"href":"https:\/\/gadprdanielcordovatoral.gob.ec\/azuay2\/index.php?rest_route=\/wp\/v2\/pages\/2533","targetHints":{"allow":["GET"]}}],"collection":[{"href":"https:\/\/gadprdanielcordovatoral.gob.ec\/azuay2\/index.php?rest_route=\/wp\/v2\/pages"}],"about":[{"href":"https:\/\/gadprdanielcordovatoral.gob.ec\/azuay2\/index.php?rest_route=\/wp\/v2\/types\/page"}],"author":[{"embeddable":true,"href":"https:\/\/gadprdanielcordovatoral.gob.ec\/azuay2\/index.php?rest_route=\/wp\/v2\/users\/6"}],"replies":[{"embeddable":true,"href":"https:\/\/gadprdanielcordovatoral.gob.ec\/azuay2\/index.php?rest_route=%2Fwp%2Fv2%2Fcomments&post=2533"}],"version-history":[{"count":5,"href":"https:\/\/gadprdanielcordovatoral.gob.ec\/azuay2\/index.php?rest_route=\/wp\/v2\/pages\/2533\/revisions"}],"predecessor-version":[{"id":2964,"href":"https:\/\/gadprdanielcordovatoral.gob.ec\/azuay2\/index.php?rest_route=\/wp\/v2\/pages\/2533\/revisions\/2964"}],"wp:attachment":[{"href":"https:\/\/gadprdanielcordovatoral.gob.ec\/azuay2\/index.php?rest_route=%2Fwp%2Fv2%2Fmedia&parent=2533"}],"curies":[{"name":"wp","href":"https:\/\/api.w.org\/{rel}","templated":true}]}}